{"id":3922,"date":"2023-09-25T14:35:21","date_gmt":"2023-09-25T12:35:21","guid":{"rendered":"https:\/\/linke.pl\/?page_id=3922"},"modified":"2023-10-04T08:42:13","modified_gmt":"2023-10-04T06:42:13","slug":"korporatywne-prawo-polshcha","status":"publish","type":"page","link":"https:\/\/linke.pl\/uk\/korporatywne-prawo-polshcha\/","title":{"rendered":"\u041a\u043e\u0440\u043f\u043e\u0440\u0430\u0442\u0438\u0432\u043d\u0435 \u043f\u0440\u0430\u0432\u043e \u0443 \u041f\u043e\u043b\u044c\u0449\u0456"},"content":{"rendered":"","protected":false},"excerpt":{"rendered":"","protected":false},"author":8,"featured_media":0,"parent":0,"menu_order":19,"comment_status":"closed","ping_status":"closed","template":"","meta":{"_acf_changed":false,"footnotes":""},"class_list":["post-3922","page","type-page","status-publish","hentry"],"acf":[],"yoast_head":"<!-- This site is optimized with the Yoast SEO plugin v27.3 - https:\/\/yoast.com\/product\/yoast-seo-wordpress\/ -->\n<title>\u041a\u043e\u0440\u043f\u043e\u0440\u0430\u0442\u0438\u0432\u043d\u0435 \u043f\u0440\u0430\u0432\u043e \u0443 \u041f\u043e\u043b\u044c\u0449\u0456 - \u042e\u0440\u0438\u0434\u0438\u0447\u043d\u0430 \u0444\u0456\u0440\u043c\u0430 Linke Kulicki<\/title>\n<meta name=\"description\" content=\"\u0423 \u043f\u043e\u043b\u044c\u0441\u044c\u043a\u043e\u043c\u0443 \u0437\u0430\u043a\u043e\u043d\u043e\u0434\u0430\u0432\u0441\u0442\u0432\u0456 \u0432\u0438\u0437\u043d\u0430\u0447\u0435\u043d\u043e \u043a\u0456\u043b\u044c\u043a\u0430 \u0442\u0438\u043f\u0456\u0432 \u043a\u043e\u043c\u043f\u0430\u043d\u0456\u0439. \u041e\u0441\u043d\u043e\u0432\u043d\u0438\u0439 \u043f\u043e\u0434\u0456\u043b \u0437\u0432\u043e\u0434\u0438\u0442\u044c\u0441\u044f \u0434\u043e \u043f\u0440\u043e\u0441\u0442\u043e\u0433\u043e \u0440\u043e\u0437\u043c\u0435\u0436\u0443\u0432\u0430\u043d\u043d\u044f \u043c\u0456\u0436 \u0446\u0438\u0432\u0456\u043b\u044c\u043d\u0438\u043c\u0438 \u0442\u0430 \u043a\u043e\u043c\u0435\u0440\u0446\u0456\u0439\u043d\u0438\u043c\u0438 \u043a\u043e\u043c\u043f\u0430\u043d\u0456\u044f\u043c\u0438. \u041e\u0441\u0442\u0430\u043d\u043d\u0456 \u043f\u043e\u0434\u0456\u043b\u044f\u044e\u0442\u044c\u0441\u044f \u043d\u0430 \u043f\u0430\u0440\u0442\u043d\u0435\u0440\u0441\u0442\u0432\u0430 (\u043f\u043e\u0432\u043d\u0456, \u043a\u043e\u043c\u0430\u043d\u0434\u0438\u0442\u043d\u0456, \u043a\u043e\u043c\u0430\u043d\u0434\u0438\u0442\u043d\u043e-\u0430\u043a\u0446\u0456\u043e\u043d\u0435\u0440\u043d\u0456) \u0442\u0430 \u0430\u043a\u0446\u0456\u043e\u043d\u0435\u0440\u043d\u0456 \u0442\u043e\u0432\u0430\u0440\u0438\u0441\u0442\u0432\u0430 (\u043f\u0440\u043e\u0441\u0442\u0456 \u0430\u043a\u0446\u0456\u043e\u043d\u0435\u0440\u043d\u0456 \u0442\u043e\u0432\u0430\u0440\u0438\u0441\u0442\u0432\u0430, \u0442\u043e\u0432\u0430\u0440\u0438\u0441\u0442\u0432\u0430 \u0437 \u043e\u0431\u043c\u0435\u0436\u0435\u043d\u043e\u044e \u0432\u0456\u0434\u043f\u043e\u0432\u0456\u0434\u0430\u043b\u044c\u043d\u0456\u0441\u0442\u044e \u0442\u0430 \u0430\u043a\u0446\u0456\u043e\u043d\u0435\u0440\u043d\u0456 \u0442\u043e\u0432\u0430\u0440\u0438\u0441\u0442\u0432\u0430).\" \/>\n<meta name=\"robots\" content=\"index, follow, max-snippet:-1, max-image-preview:large, max-video-preview:-1\" \/>\n<link rel=\"canonical\" href=\"https:\/\/linke.pl\/uk\/korporatywne-prawo-polshcha\/\" \/>\n<meta property=\"og:locale\" content=\"uk_UA\" \/>\n<meta property=\"og:type\" content=\"article\" \/>\n<meta property=\"og:title\" content=\"\u041a\u043e\u0440\u043f\u043e\u0440\u0430\u0442\u0438\u0432\u043d\u0435 \u043f\u0440\u0430\u0432\u043e \u0443 \u041f\u043e\u043b\u044c\u0449\u0456 - \u042e\u0440\u0438\u0434\u0438\u0447\u043d\u0430 \u0444\u0456\u0440\u043c\u0430 Linke Kulicki\" \/>\n<meta property=\"og:description\" content=\"\u0423 \u043f\u043e\u043b\u044c\u0441\u044c\u043a\u043e\u043c\u0443 \u0437\u0430\u043a\u043e\u043d\u043e\u0434\u0430\u0432\u0441\u0442\u0432\u0456 \u0432\u0438\u0437\u043d\u0430\u0447\u0435\u043d\u043e \u043a\u0456\u043b\u044c\u043a\u0430 \u0442\u0438\u043f\u0456\u0432 \u043a\u043e\u043c\u043f\u0430\u043d\u0456\u0439. \u041e\u0441\u043d\u043e\u0432\u043d\u0438\u0439 \u043f\u043e\u0434\u0456\u043b \u0437\u0432\u043e\u0434\u0438\u0442\u044c\u0441\u044f \u0434\u043e \u043f\u0440\u043e\u0441\u0442\u043e\u0433\u043e \u0440\u043e\u0437\u043c\u0435\u0436\u0443\u0432\u0430\u043d\u043d\u044f \u043c\u0456\u0436 \u0446\u0438\u0432\u0456\u043b\u044c\u043d\u0438\u043c\u0438 \u0442\u0430 \u043a\u043e\u043c\u0435\u0440\u0446\u0456\u0439\u043d\u0438\u043c\u0438 \u043a\u043e\u043c\u043f\u0430\u043d\u0456\u044f\u043c\u0438. \u041e\u0441\u0442\u0430\u043d\u043d\u0456 \u043f\u043e\u0434\u0456\u043b\u044f\u044e\u0442\u044c\u0441\u044f \u043d\u0430 \u043f\u0430\u0440\u0442\u043d\u0435\u0440\u0441\u0442\u0432\u0430 (\u043f\u043e\u0432\u043d\u0456, \u043a\u043e\u043c\u0430\u043d\u0434\u0438\u0442\u043d\u0456, \u043a\u043e\u043c\u0430\u043d\u0434\u0438\u0442\u043d\u043e-\u0430\u043a\u0446\u0456\u043e\u043d\u0435\u0440\u043d\u0456) \u0442\u0430 \u0430\u043a\u0446\u0456\u043e\u043d\u0435\u0440\u043d\u0456 \u0442\u043e\u0432\u0430\u0440\u0438\u0441\u0442\u0432\u0430 (\u043f\u0440\u043e\u0441\u0442\u0456 \u0430\u043a\u0446\u0456\u043e\u043d\u0435\u0440\u043d\u0456 \u0442\u043e\u0432\u0430\u0440\u0438\u0441\u0442\u0432\u0430, \u0442\u043e\u0432\u0430\u0440\u0438\u0441\u0442\u0432\u0430 \u0437 \u043e\u0431\u043c\u0435\u0436\u0435\u043d\u043e\u044e \u0432\u0456\u0434\u043f\u043e\u0432\u0456\u0434\u0430\u043b\u044c\u043d\u0456\u0441\u0442\u044e \u0442\u0430 \u0430\u043a\u0446\u0456\u043e\u043d\u0435\u0440\u043d\u0456 \u0442\u043e\u0432\u0430\u0440\u0438\u0441\u0442\u0432\u0430).\" \/>\n<meta property=\"og:url\" content=\"https:\/\/linke.pl\/uk\/korporatywne-prawo-polshcha\/\" \/>\n<meta property=\"og:site_name\" content=\"Kancelaria Radc\u00f3w Prawnych Linke i Partnerzy\" \/>\n<meta property=\"article:modified_time\" content=\"2023-10-04T06:42:13+00:00\" \/>\n<meta property=\"og:image\" content=\"https:\/\/linke.pl\/wp-content\/uploads\/2024\/10\/Linke-i-Partnerzy-logo.png\" \/>\n\t<meta property=\"og:image:width\" content=\"842\" \/>\n\t<meta property=\"og:image:height\" content=\"405\" \/>\n\t<meta property=\"og:image:type\" content=\"image\/png\" \/>\n<meta name=\"twitter:card\" content=\"summary_large_image\" \/>\n<script type=\"application\/ld+json\" class=\"yoast-schema-graph\">{\"@context\":\"https:\\\/\\\/schema.org\",\"@graph\":[{\"@type\":\"WebPage\",\"@id\":\"https:\\\/\\\/linke.pl\\\/uk\\\/korporatywne-prawo-polshcha\\\/\",\"url\":\"https:\\\/\\\/linke.pl\\\/uk\\\/korporatywne-prawo-polshcha\\\/\",\"name\":\"\u041a\u043e\u0440\u043f\u043e\u0440\u0430\u0442\u0438\u0432\u043d\u0435 \u043f\u0440\u0430\u0432\u043e \u0443 \u041f\u043e\u043b\u044c\u0449\u0456 - \u042e\u0440\u0438\u0434\u0438\u0447\u043d\u0430 \u0444\u0456\u0440\u043c\u0430 Linke Kulicki\",\"isPartOf\":{\"@id\":\"https:\\\/\\\/linke.pl\\\/uk\\\/#website\"},\"datePublished\":\"2023-09-25T12:35:21+00:00\",\"dateModified\":\"2023-10-04T06:42:13+00:00\",\"description\":\"\u0423 \u043f\u043e\u043b\u044c\u0441\u044c\u043a\u043e\u043c\u0443 \u0437\u0430\u043a\u043e\u043d\u043e\u0434\u0430\u0432\u0441\u0442\u0432\u0456 \u0432\u0438\u0437\u043d\u0430\u0447\u0435\u043d\u043e \u043a\u0456\u043b\u044c\u043a\u0430 \u0442\u0438\u043f\u0456\u0432 \u043a\u043e\u043c\u043f\u0430\u043d\u0456\u0439. \u041e\u0441\u043d\u043e\u0432\u043d\u0438\u0439 \u043f\u043e\u0434\u0456\u043b \u0437\u0432\u043e\u0434\u0438\u0442\u044c\u0441\u044f \u0434\u043e \u043f\u0440\u043e\u0441\u0442\u043e\u0433\u043e \u0440\u043e\u0437\u043c\u0435\u0436\u0443\u0432\u0430\u043d\u043d\u044f \u043c\u0456\u0436 \u0446\u0438\u0432\u0456\u043b\u044c\u043d\u0438\u043c\u0438 \u0442\u0430 \u043a\u043e\u043c\u0435\u0440\u0446\u0456\u0439\u043d\u0438\u043c\u0438 \u043a\u043e\u043c\u043f\u0430\u043d\u0456\u044f\u043c\u0438. \u041e\u0441\u0442\u0430\u043d\u043d\u0456 \u043f\u043e\u0434\u0456\u043b\u044f\u044e\u0442\u044c\u0441\u044f \u043d\u0430 \u043f\u0430\u0440\u0442\u043d\u0435\u0440\u0441\u0442\u0432\u0430 (\u043f\u043e\u0432\u043d\u0456, \u043a\u043e\u043c\u0430\u043d\u0434\u0438\u0442\u043d\u0456, \u043a\u043e\u043c\u0430\u043d\u0434\u0438\u0442\u043d\u043e-\u0430\u043a\u0446\u0456\u043e\u043d\u0435\u0440\u043d\u0456) \u0442\u0430 \u0430\u043a\u0446\u0456\u043e\u043d\u0435\u0440\u043d\u0456 \u0442\u043e\u0432\u0430\u0440\u0438\u0441\u0442\u0432\u0430 (\u043f\u0440\u043e\u0441\u0442\u0456 \u0430\u043a\u0446\u0456\u043e\u043d\u0435\u0440\u043d\u0456 \u0442\u043e\u0432\u0430\u0440\u0438\u0441\u0442\u0432\u0430, \u0442\u043e\u0432\u0430\u0440\u0438\u0441\u0442\u0432\u0430 \u0437 \u043e\u0431\u043c\u0435\u0436\u0435\u043d\u043e\u044e \u0432\u0456\u0434\u043f\u043e\u0432\u0456\u0434\u0430\u043b\u044c\u043d\u0456\u0441\u0442\u044e \u0442\u0430 \u0430\u043a\u0446\u0456\u043e\u043d\u0435\u0440\u043d\u0456 \u0442\u043e\u0432\u0430\u0440\u0438\u0441\u0442\u0432\u0430).\",\"breadcrumb\":{\"@id\":\"https:\\\/\\\/linke.pl\\\/uk\\\/korporatywne-prawo-polshcha\\\/#breadcrumb\"},\"inLanguage\":\"uk\",\"potentialAction\":[{\"@type\":\"ReadAction\",\"target\":[\"https:\\\/\\\/linke.pl\\\/uk\\\/korporatywne-prawo-polshcha\\\/\"]}]},{\"@type\":\"BreadcrumbList\",\"@id\":\"https:\\\/\\\/linke.pl\\\/uk\\\/korporatywne-prawo-polshcha\\\/#breadcrumb\",\"itemListElement\":[{\"@type\":\"ListItem\",\"position\":1,\"name\":\"Strona g\u0142\u00f3wna\",\"item\":\"https:\\\/\\\/linke.pl\\\/uk\\\/\"},{\"@type\":\"ListItem\",\"position\":2,\"name\":\"\u041a\u043e\u0440\u043f\u043e\u0440\u0430\u0442\u0438\u0432\u043d\u0435 \u043f\u0440\u0430\u0432\u043e \u0443 \u041f\u043e\u043b\u044c\u0449\u0456\"}]},{\"@type\":\"WebSite\",\"@id\":\"https:\\\/\\\/linke.pl\\\/uk\\\/#website\",\"url\":\"https:\\\/\\\/linke.pl\\\/uk\\\/\",\"name\":\"Kancelaria Radc\u00f3w Prawnych Linke i Partnerzy\",\"description\":\"Rozwi\u0105zania prawne dla nowoczesnego biznesu. Prawo sp\u00f3\u0142ek, obs\u0142uga inwestycji, prawo nowych technologii.\",\"publisher\":{\"@id\":\"https:\\\/\\\/linke.pl\\\/uk\\\/#organization\"},\"potentialAction\":[{\"@type\":\"SearchAction\",\"target\":{\"@type\":\"EntryPoint\",\"urlTemplate\":\"https:\\\/\\\/linke.pl\\\/uk\\\/?s={search_term_string}\"},\"query-input\":{\"@type\":\"PropertyValueSpecification\",\"valueRequired\":true,\"valueName\":\"search_term_string\"}}],\"inLanguage\":\"uk\"},{\"@type\":\"Organization\",\"@id\":\"https:\\\/\\\/linke.pl\\\/uk\\\/#organization\",\"name\":\"Kancelaria Radc\u00f3w Prawnych Linke i Partnerzy\",\"url\":\"https:\\\/\\\/linke.pl\\\/uk\\\/\",\"logo\":{\"@type\":\"ImageObject\",\"inLanguage\":\"uk\",\"@id\":\"https:\\\/\\\/linke.pl\\\/uk\\\/#\\\/schema\\\/logo\\\/image\\\/\",\"url\":\"https:\\\/\\\/linke.pl\\\/wp-content\\\/uploads\\\/2024\\\/10\\\/Linke-i-Partnerzy-logo.png\",\"contentUrl\":\"https:\\\/\\\/linke.pl\\\/wp-content\\\/uploads\\\/2024\\\/10\\\/Linke-i-Partnerzy-logo.png\",\"width\":842,\"height\":405,\"caption\":\"Kancelaria Radc\u00f3w Prawnych Linke i Partnerzy\"},\"image\":{\"@id\":\"https:\\\/\\\/linke.pl\\\/uk\\\/#\\\/schema\\\/logo\\\/image\\\/\"}}]}<\/script>\n<!-- \/ Yoast SEO plugin. -->","yoast_head_json":{"title":"\u041a\u043e\u0440\u043f\u043e\u0440\u0430\u0442\u0438\u0432\u043d\u0435 \u043f\u0440\u0430\u0432\u043e \u0443 \u041f\u043e\u043b\u044c\u0449\u0456 - \u042e\u0440\u0438\u0434\u0438\u0447\u043d\u0430 \u0444\u0456\u0440\u043c\u0430 Linke Kulicki","description":"\u0423 \u043f\u043e\u043b\u044c\u0441\u044c\u043a\u043e\u043c\u0443 \u0437\u0430\u043a\u043e\u043d\u043e\u0434\u0430\u0432\u0441\u0442\u0432\u0456 \u0432\u0438\u0437\u043d\u0430\u0447\u0435\u043d\u043e \u043a\u0456\u043b\u044c\u043a\u0430 \u0442\u0438\u043f\u0456\u0432 \u043a\u043e\u043c\u043f\u0430\u043d\u0456\u0439. \u041e\u0441\u043d\u043e\u0432\u043d\u0438\u0439 \u043f\u043e\u0434\u0456\u043b \u0437\u0432\u043e\u0434\u0438\u0442\u044c\u0441\u044f \u0434\u043e \u043f\u0440\u043e\u0441\u0442\u043e\u0433\u043e \u0440\u043e\u0437\u043c\u0435\u0436\u0443\u0432\u0430\u043d\u043d\u044f \u043c\u0456\u0436 \u0446\u0438\u0432\u0456\u043b\u044c\u043d\u0438\u043c\u0438 \u0442\u0430 \u043a\u043e\u043c\u0435\u0440\u0446\u0456\u0439\u043d\u0438\u043c\u0438 \u043a\u043e\u043c\u043f\u0430\u043d\u0456\u044f\u043c\u0438. \u041e\u0441\u0442\u0430\u043d\u043d\u0456 \u043f\u043e\u0434\u0456\u043b\u044f\u044e\u0442\u044c\u0441\u044f \u043d\u0430 \u043f\u0430\u0440\u0442\u043d\u0435\u0440\u0441\u0442\u0432\u0430 (\u043f\u043e\u0432\u043d\u0456, \u043a\u043e\u043c\u0430\u043d\u0434\u0438\u0442\u043d\u0456, \u043a\u043e\u043c\u0430\u043d\u0434\u0438\u0442\u043d\u043e-\u0430\u043a\u0446\u0456\u043e\u043d\u0435\u0440\u043d\u0456) \u0442\u0430 \u0430\u043a\u0446\u0456\u043e\u043d\u0435\u0440\u043d\u0456 \u0442\u043e\u0432\u0430\u0440\u0438\u0441\u0442\u0432\u0430 (\u043f\u0440\u043e\u0441\u0442\u0456 \u0430\u043a\u0446\u0456\u043e\u043d\u0435\u0440\u043d\u0456 \u0442\u043e\u0432\u0430\u0440\u0438\u0441\u0442\u0432\u0430, \u0442\u043e\u0432\u0430\u0440\u0438\u0441\u0442\u0432\u0430 \u0437 \u043e\u0431\u043c\u0435\u0436\u0435\u043d\u043e\u044e \u0432\u0456\u0434\u043f\u043e\u0432\u0456\u0434\u0430\u043b\u044c\u043d\u0456\u0441\u0442\u044e \u0442\u0430 \u0430\u043a\u0446\u0456\u043e\u043d\u0435\u0440\u043d\u0456 \u0442\u043e\u0432\u0430\u0440\u0438\u0441\u0442\u0432\u0430).","robots":{"index":"index","follow":"follow","max-snippet":"max-snippet:-1","max-image-preview":"max-image-preview:large","max-video-preview":"max-video-preview:-1"},"canonical":"https:\/\/linke.pl\/uk\/korporatywne-prawo-polshcha\/","og_locale":"uk_UA","og_type":"article","og_title":"\u041a\u043e\u0440\u043f\u043e\u0440\u0430\u0442\u0438\u0432\u043d\u0435 \u043f\u0440\u0430\u0432\u043e \u0443 \u041f\u043e\u043b\u044c\u0449\u0456 - \u042e\u0440\u0438\u0434\u0438\u0447\u043d\u0430 \u0444\u0456\u0440\u043c\u0430 Linke Kulicki","og_description":"\u0423 \u043f\u043e\u043b\u044c\u0441\u044c\u043a\u043e\u043c\u0443 \u0437\u0430\u043a\u043e\u043d\u043e\u0434\u0430\u0432\u0441\u0442\u0432\u0456 \u0432\u0438\u0437\u043d\u0430\u0447\u0435\u043d\u043e \u043a\u0456\u043b\u044c\u043a\u0430 \u0442\u0438\u043f\u0456\u0432 \u043a\u043e\u043c\u043f\u0430\u043d\u0456\u0439. \u041e\u0441\u043d\u043e\u0432\u043d\u0438\u0439 \u043f\u043e\u0434\u0456\u043b \u0437\u0432\u043e\u0434\u0438\u0442\u044c\u0441\u044f \u0434\u043e \u043f\u0440\u043e\u0441\u0442\u043e\u0433\u043e \u0440\u043e\u0437\u043c\u0435\u0436\u0443\u0432\u0430\u043d\u043d\u044f \u043c\u0456\u0436 \u0446\u0438\u0432\u0456\u043b\u044c\u043d\u0438\u043c\u0438 \u0442\u0430 \u043a\u043e\u043c\u0435\u0440\u0446\u0456\u0439\u043d\u0438\u043c\u0438 \u043a\u043e\u043c\u043f\u0430\u043d\u0456\u044f\u043c\u0438. \u041e\u0441\u0442\u0430\u043d\u043d\u0456 \u043f\u043e\u0434\u0456\u043b\u044f\u044e\u0442\u044c\u0441\u044f \u043d\u0430 \u043f\u0430\u0440\u0442\u043d\u0435\u0440\u0441\u0442\u0432\u0430 (\u043f\u043e\u0432\u043d\u0456, \u043a\u043e\u043c\u0430\u043d\u0434\u0438\u0442\u043d\u0456, \u043a\u043e\u043c\u0430\u043d\u0434\u0438\u0442\u043d\u043e-\u0430\u043a\u0446\u0456\u043e\u043d\u0435\u0440\u043d\u0456) \u0442\u0430 \u0430\u043a\u0446\u0456\u043e\u043d\u0435\u0440\u043d\u0456 \u0442\u043e\u0432\u0430\u0440\u0438\u0441\u0442\u0432\u0430 (\u043f\u0440\u043e\u0441\u0442\u0456 \u0430\u043a\u0446\u0456\u043e\u043d\u0435\u0440\u043d\u0456 \u0442\u043e\u0432\u0430\u0440\u0438\u0441\u0442\u0432\u0430, \u0442\u043e\u0432\u0430\u0440\u0438\u0441\u0442\u0432\u0430 \u0437 \u043e\u0431\u043c\u0435\u0436\u0435\u043d\u043e\u044e \u0432\u0456\u0434\u043f\u043e\u0432\u0456\u0434\u0430\u043b\u044c\u043d\u0456\u0441\u0442\u044e \u0442\u0430 \u0430\u043a\u0446\u0456\u043e\u043d\u0435\u0440\u043d\u0456 \u0442\u043e\u0432\u0430\u0440\u0438\u0441\u0442\u0432\u0430).","og_url":"https:\/\/linke.pl\/uk\/korporatywne-prawo-polshcha\/","og_site_name":"Kancelaria Radc\u00f3w Prawnych Linke i Partnerzy","article_modified_time":"2023-10-04T06:42:13+00:00","og_image":[{"width":842,"height":405,"url":"https:\/\/linke.pl\/wp-content\/uploads\/2024\/10\/Linke-i-Partnerzy-logo.png","type":"image\/png"}],"twitter_card":"summary_large_image","schema":{"@context":"https:\/\/schema.org","@graph":[{"@type":"WebPage","@id":"https:\/\/linke.pl\/uk\/korporatywne-prawo-polshcha\/","url":"https:\/\/linke.pl\/uk\/korporatywne-prawo-polshcha\/","name":"\u041a\u043e\u0440\u043f\u043e\u0440\u0430\u0442\u0438\u0432\u043d\u0435 \u043f\u0440\u0430\u0432\u043e \u0443 \u041f\u043e\u043b\u044c\u0449\u0456 - \u042e\u0440\u0438\u0434\u0438\u0447\u043d\u0430 \u0444\u0456\u0440\u043c\u0430 Linke Kulicki","isPartOf":{"@id":"https:\/\/linke.pl\/uk\/#website"},"datePublished":"2023-09-25T12:35:21+00:00","dateModified":"2023-10-04T06:42:13+00:00","description":"\u0423 \u043f\u043e\u043b\u044c\u0441\u044c\u043a\u043e\u043c\u0443 \u0437\u0430\u043a\u043e\u043d\u043e\u0434\u0430\u0432\u0441\u0442\u0432\u0456 \u0432\u0438\u0437\u043d\u0430\u0447\u0435\u043d\u043e \u043a\u0456\u043b\u044c\u043a\u0430 \u0442\u0438\u043f\u0456\u0432 \u043a\u043e\u043c\u043f\u0430\u043d\u0456\u0439. \u041e\u0441\u043d\u043e\u0432\u043d\u0438\u0439 \u043f\u043e\u0434\u0456\u043b \u0437\u0432\u043e\u0434\u0438\u0442\u044c\u0441\u044f \u0434\u043e \u043f\u0440\u043e\u0441\u0442\u043e\u0433\u043e \u0440\u043e\u0437\u043c\u0435\u0436\u0443\u0432\u0430\u043d\u043d\u044f \u043c\u0456\u0436 \u0446\u0438\u0432\u0456\u043b\u044c\u043d\u0438\u043c\u0438 \u0442\u0430 \u043a\u043e\u043c\u0435\u0440\u0446\u0456\u0439\u043d\u0438\u043c\u0438 \u043a\u043e\u043c\u043f\u0430\u043d\u0456\u044f\u043c\u0438. \u041e\u0441\u0442\u0430\u043d\u043d\u0456 \u043f\u043e\u0434\u0456\u043b\u044f\u044e\u0442\u044c\u0441\u044f \u043d\u0430 \u043f\u0430\u0440\u0442\u043d\u0435\u0440\u0441\u0442\u0432\u0430 (\u043f\u043e\u0432\u043d\u0456, \u043a\u043e\u043c\u0430\u043d\u0434\u0438\u0442\u043d\u0456, \u043a\u043e\u043c\u0430\u043d\u0434\u0438\u0442\u043d\u043e-\u0430\u043a\u0446\u0456\u043e\u043d\u0435\u0440\u043d\u0456) \u0442\u0430 \u0430\u043a\u0446\u0456\u043e\u043d\u0435\u0440\u043d\u0456 \u0442\u043e\u0432\u0430\u0440\u0438\u0441\u0442\u0432\u0430 (\u043f\u0440\u043e\u0441\u0442\u0456 \u0430\u043a\u0446\u0456\u043e\u043d\u0435\u0440\u043d\u0456 \u0442\u043e\u0432\u0430\u0440\u0438\u0441\u0442\u0432\u0430, \u0442\u043e\u0432\u0430\u0440\u0438\u0441\u0442\u0432\u0430 \u0437 \u043e\u0431\u043c\u0435\u0436\u0435\u043d\u043e\u044e \u0432\u0456\u0434\u043f\u043e\u0432\u0456\u0434\u0430\u043b\u044c\u043d\u0456\u0441\u0442\u044e \u0442\u0430 \u0430\u043a\u0446\u0456\u043e\u043d\u0435\u0440\u043d\u0456 \u0442\u043e\u0432\u0430\u0440\u0438\u0441\u0442\u0432\u0430).","breadcrumb":{"@id":"https:\/\/linke.pl\/uk\/korporatywne-prawo-polshcha\/#breadcrumb"},"inLanguage":"uk","potentialAction":[{"@type":"ReadAction","target":["https:\/\/linke.pl\/uk\/korporatywne-prawo-polshcha\/"]}]},{"@type":"BreadcrumbList","@id":"https:\/\/linke.pl\/uk\/korporatywne-prawo-polshcha\/#breadcrumb","itemListElement":[{"@type":"ListItem","position":1,"name":"Strona g\u0142\u00f3wna","item":"https:\/\/linke.pl\/uk\/"},{"@type":"ListItem","position":2,"name":"\u041a\u043e\u0440\u043f\u043e\u0440\u0430\u0442\u0438\u0432\u043d\u0435 \u043f\u0440\u0430\u0432\u043e \u0443 \u041f\u043e\u043b\u044c\u0449\u0456"}]},{"@type":"WebSite","@id":"https:\/\/linke.pl\/uk\/#website","url":"https:\/\/linke.pl\/uk\/","name":"Kancelaria Radc\u00f3w Prawnych Linke i Partnerzy","description":"Rozwi\u0105zania prawne dla nowoczesnego biznesu. Prawo sp\u00f3\u0142ek, obs\u0142uga inwestycji, prawo nowych technologii.","publisher":{"@id":"https:\/\/linke.pl\/uk\/#organization"},"potentialAction":[{"@type":"SearchAction","target":{"@type":"EntryPoint","urlTemplate":"https:\/\/linke.pl\/uk\/?s={search_term_string}"},"query-input":{"@type":"PropertyValueSpecification","valueRequired":true,"valueName":"search_term_string"}}],"inLanguage":"uk"},{"@type":"Organization","@id":"https:\/\/linke.pl\/uk\/#organization","name":"Kancelaria Radc\u00f3w Prawnych Linke i Partnerzy","url":"https:\/\/linke.pl\/uk\/","logo":{"@type":"ImageObject","inLanguage":"uk","@id":"https:\/\/linke.pl\/uk\/#\/schema\/logo\/image\/","url":"https:\/\/linke.pl\/wp-content\/uploads\/2024\/10\/Linke-i-Partnerzy-logo.png","contentUrl":"https:\/\/linke.pl\/wp-content\/uploads\/2024\/10\/Linke-i-Partnerzy-logo.png","width":842,"height":405,"caption":"Kancelaria Radc\u00f3w Prawnych Linke i Partnerzy"},"image":{"@id":"https:\/\/linke.pl\/uk\/#\/schema\/logo\/image\/"}}]}},"_links":{"self":[{"href":"https:\/\/linke.pl\/uk\/wp-json\/wp\/v2\/pages\/3922","targetHints":{"allow":["GET"]}}],"collection":[{"href":"https:\/\/linke.pl\/uk\/wp-json\/wp\/v2\/pages"}],"about":[{"href":"https:\/\/linke.pl\/uk\/wp-json\/wp\/v2\/types\/page"}],"author":[{"embeddable":true,"href":"https:\/\/linke.pl\/uk\/wp-json\/wp\/v2\/users\/8"}],"replies":[{"embeddable":true,"href":"https:\/\/linke.pl\/uk\/wp-json\/wp\/v2\/comments?post=3922"}],"version-history":[{"count":7,"href":"https:\/\/linke.pl\/uk\/wp-json\/wp\/v2\/pages\/3922\/revisions"}],"predecessor-version":[{"id":4002,"href":"https:\/\/linke.pl\/uk\/wp-json\/wp\/v2\/pages\/3922\/revisions\/4002"}],"wp:attachment":[{"href":"https:\/\/linke.pl\/uk\/wp-json\/wp\/v2\/media?parent=3922"}],"curies":[{"name":"wp","href":"https:\/\/api.w.org\/{rel}","templated":true}]}}