{"id":411,"date":"2021-07-15T12:03:36","date_gmt":"2021-07-15T10:03:36","guid":{"rendered":"http:\/\/linkekulicki.ewitryna.one\/?page_id=411"},"modified":"2025-02-04T19:48:30","modified_gmt":"2025-02-04T18:48:30","slug":"privacy-policy","status":"publish","type":"page","link":"https:\/\/linke.pl\/en\/privacy-policy\/","title":{"rendered":"Privacy policy"},"content":{"rendered":"","protected":false},"excerpt":{"rendered":"","protected":false},"author":8,"featured_media":0,"parent":0,"menu_order":54,"comment_status":"closed","ping_status":"open","template":"","meta":{"_acf_changed":false,"footnotes":""},"class_list":["post-411","page","type-page","status-publish","hentry"],"acf":[],"yoast_head":"<!-- This site is optimized with the Yoast SEO plugin v27.3 - https:\/\/yoast.com\/product\/yoast-seo-wordpress\/ -->\n<title>Privacy policy \u2013 Linke And Partners Law Firm<\/title>\n<meta name=\"description\" content=\"The administrator of the personal data is Linke And Partners Law Firm with its registered office in Warsaw, 31 Ogrodowa Street, 00-893 Warsaw.\" \/>\n<meta name=\"robots\" content=\"noindex, follow\" \/>\n<meta property=\"og:locale\" content=\"en_US\" \/>\n<meta property=\"og:type\" content=\"article\" \/>\n<meta property=\"og:title\" content=\"Privacy policy \u2013 Linke And Partners Law Firm\" \/>\n<meta property=\"og:description\" content=\"The administrator of the personal data is Linke And Partners Law Firm with its registered office in Warsaw, 31 Ogrodowa Street, 00-893 Warsaw.\" \/>\n<meta property=\"og:url\" content=\"https:\/\/linke.pl\/en\/privacy-policy\/\" \/>\n<meta property=\"og:site_name\" content=\"Linke And Partners The Law Firm\" \/>\n<meta property=\"article:modified_time\" content=\"2025-02-04T18:48:30+00:00\" \/>\n<meta property=\"og:image\" content=\"https:\/\/linke.pl\/wp-content\/uploads\/2024\/10\/Linke-i-Partnerzy-logo.png\" \/>\n\t<meta property=\"og:image:width\" content=\"842\" \/>\n\t<meta property=\"og:image:height\" content=\"405\" \/>\n\t<meta property=\"og:image:type\" content=\"image\/png\" \/>\n<meta name=\"twitter:card\" content=\"summary_large_image\" \/>\n<script type=\"application\/ld+json\" class=\"yoast-schema-graph\">{\"@context\":\"https:\\\/\\\/schema.org\",\"@graph\":[{\"@type\":\"WebPage\",\"@id\":\"https:\\\/\\\/linke.pl\\\/en\\\/privacy-policy\\\/\",\"url\":\"https:\\\/\\\/linke.pl\\\/en\\\/privacy-policy\\\/\",\"name\":\"Privacy policy \u2013 Linke And Partners Law Firm\",\"isPartOf\":{\"@id\":\"https:\\\/\\\/linke.pl\\\/en\\\/#website\"},\"datePublished\":\"2021-07-15T10:03:36+00:00\",\"dateModified\":\"2025-02-04T18:48:30+00:00\",\"description\":\"The administrator of the personal data is Linke And Partners Law Firm with its registered office in Warsaw, 31 Ogrodowa Street, 00-893 Warsaw.\",\"breadcrumb\":{\"@id\":\"https:\\\/\\\/linke.pl\\\/en\\\/privacy-policy\\\/#breadcrumb\"},\"inLanguage\":\"en-US\",\"potentialAction\":[{\"@type\":\"ReadAction\",\"target\":[\"https:\\\/\\\/linke.pl\\\/en\\\/privacy-policy\\\/\"]}]},{\"@type\":\"BreadcrumbList\",\"@id\":\"https:\\\/\\\/linke.pl\\\/en\\\/privacy-policy\\\/#breadcrumb\",\"itemListElement\":[{\"@type\":\"ListItem\",\"position\":1,\"name\":\"Strona g\u0142\u00f3wna\",\"item\":\"https:\\\/\\\/linke.pl\\\/en\\\/\"},{\"@type\":\"ListItem\",\"position\":2,\"name\":\"Privacy policy\"}]},{\"@type\":\"WebSite\",\"@id\":\"https:\\\/\\\/linke.pl\\\/en\\\/#website\",\"url\":\"https:\\\/\\\/linke.pl\\\/en\\\/\",\"name\":\"Linke And Partners The Law Firm\",\"description\":\"Rozwi\u0105zania prawne dla nowoczesnego biznesu. Prawo sp\u00f3\u0142ek, obs\u0142uga inwestycji, prawo nowych technologii.\",\"publisher\":{\"@id\":\"https:\\\/\\\/linke.pl\\\/en\\\/#organization\"},\"potentialAction\":[{\"@type\":\"SearchAction\",\"target\":{\"@type\":\"EntryPoint\",\"urlTemplate\":\"https:\\\/\\\/linke.pl\\\/en\\\/?s={search_term_string}\"},\"query-input\":{\"@type\":\"PropertyValueSpecification\",\"valueRequired\":true,\"valueName\":\"search_term_string\"}}],\"inLanguage\":\"en-US\"},{\"@type\":\"Organization\",\"@id\":\"https:\\\/\\\/linke.pl\\\/en\\\/#organization\",\"name\":\"Kancelaria Radc\u00f3w Prawnych Linke i Partnerzy\",\"url\":\"https:\\\/\\\/linke.pl\\\/en\\\/\",\"logo\":{\"@type\":\"ImageObject\",\"inLanguage\":\"en-US\",\"@id\":\"https:\\\/\\\/linke.pl\\\/en\\\/#\\\/schema\\\/logo\\\/image\\\/\",\"url\":\"https:\\\/\\\/linke.pl\\\/wp-content\\\/uploads\\\/2024\\\/10\\\/Linke-i-Partnerzy-logo.png\",\"contentUrl\":\"https:\\\/\\\/linke.pl\\\/wp-content\\\/uploads\\\/2024\\\/10\\\/Linke-i-Partnerzy-logo.png\",\"width\":842,\"height\":405,\"caption\":\"Kancelaria Radc\u00f3w Prawnych Linke i Partnerzy\"},\"image\":{\"@id\":\"https:\\\/\\\/linke.pl\\\/en\\\/#\\\/schema\\\/logo\\\/image\\\/\"}}]}<\/script>\n<!-- \/ Yoast SEO plugin. -->","yoast_head_json":{"title":"Privacy policy \u2013 Linke And Partners Law Firm","description":"The administrator of the personal data is Linke And Partners Law Firm with its registered office in Warsaw, 31 Ogrodowa Street, 00-893 Warsaw.","robots":{"index":"noindex","follow":"follow"},"og_locale":"en_US","og_type":"article","og_title":"Privacy policy \u2013 Linke And Partners Law Firm","og_description":"The administrator of the personal data is Linke And Partners Law Firm with its registered office in Warsaw, 31 Ogrodowa Street, 00-893 Warsaw.","og_url":"https:\/\/linke.pl\/en\/privacy-policy\/","og_site_name":"Linke And Partners The Law Firm","article_modified_time":"2025-02-04T18:48:30+00:00","og_image":[{"width":842,"height":405,"url":"https:\/\/linke.pl\/wp-content\/uploads\/2024\/10\/Linke-i-Partnerzy-logo.png","type":"image\/png"}],"twitter_card":"summary_large_image","schema":{"@context":"https:\/\/schema.org","@graph":[{"@type":"WebPage","@id":"https:\/\/linke.pl\/en\/privacy-policy\/","url":"https:\/\/linke.pl\/en\/privacy-policy\/","name":"Privacy policy \u2013 Linke And Partners Law Firm","isPartOf":{"@id":"https:\/\/linke.pl\/en\/#website"},"datePublished":"2021-07-15T10:03:36+00:00","dateModified":"2025-02-04T18:48:30+00:00","description":"The administrator of the personal data is Linke And Partners Law Firm with its registered office in Warsaw, 31 Ogrodowa Street, 00-893 Warsaw.","breadcrumb":{"@id":"https:\/\/linke.pl\/en\/privacy-policy\/#breadcrumb"},"inLanguage":"en-US","potentialAction":[{"@type":"ReadAction","target":["https:\/\/linke.pl\/en\/privacy-policy\/"]}]},{"@type":"BreadcrumbList","@id":"https:\/\/linke.pl\/en\/privacy-policy\/#breadcrumb","itemListElement":[{"@type":"ListItem","position":1,"name":"Strona g\u0142\u00f3wna","item":"https:\/\/linke.pl\/en\/"},{"@type":"ListItem","position":2,"name":"Privacy policy"}]},{"@type":"WebSite","@id":"https:\/\/linke.pl\/en\/#website","url":"https:\/\/linke.pl\/en\/","name":"Linke And Partners The Law Firm","description":"Rozwi\u0105zania prawne dla nowoczesnego biznesu. Prawo sp\u00f3\u0142ek, obs\u0142uga inwestycji, prawo nowych technologii.","publisher":{"@id":"https:\/\/linke.pl\/en\/#organization"},"potentialAction":[{"@type":"SearchAction","target":{"@type":"EntryPoint","urlTemplate":"https:\/\/linke.pl\/en\/?s={search_term_string}"},"query-input":{"@type":"PropertyValueSpecification","valueRequired":true,"valueName":"search_term_string"}}],"inLanguage":"en-US"},{"@type":"Organization","@id":"https:\/\/linke.pl\/en\/#organization","name":"Kancelaria Radc\u00f3w Prawnych Linke i Partnerzy","url":"https:\/\/linke.pl\/en\/","logo":{"@type":"ImageObject","inLanguage":"en-US","@id":"https:\/\/linke.pl\/en\/#\/schema\/logo\/image\/","url":"https:\/\/linke.pl\/wp-content\/uploads\/2024\/10\/Linke-i-Partnerzy-logo.png","contentUrl":"https:\/\/linke.pl\/wp-content\/uploads\/2024\/10\/Linke-i-Partnerzy-logo.png","width":842,"height":405,"caption":"Kancelaria Radc\u00f3w Prawnych Linke i Partnerzy"},"image":{"@id":"https:\/\/linke.pl\/en\/#\/schema\/logo\/image\/"}}]}},"_links":{"self":[{"href":"https:\/\/linke.pl\/en\/wp-json\/wp\/v2\/pages\/411","targetHints":{"allow":["GET"]}}],"collection":[{"href":"https:\/\/linke.pl\/en\/wp-json\/wp\/v2\/pages"}],"about":[{"href":"https:\/\/linke.pl\/en\/wp-json\/wp\/v2\/types\/page"}],"author":[{"embeddable":true,"href":"https:\/\/linke.pl\/en\/wp-json\/wp\/v2\/users\/8"}],"replies":[{"embeddable":true,"href":"https:\/\/linke.pl\/en\/wp-json\/wp\/v2\/comments?post=411"}],"version-history":[{"count":5,"href":"https:\/\/linke.pl\/en\/wp-json\/wp\/v2\/pages\/411\/revisions"}],"predecessor-version":[{"id":6490,"href":"https:\/\/linke.pl\/en\/wp-json\/wp\/v2\/pages\/411\/revisions\/6490"}],"wp:attachment":[{"href":"https:\/\/linke.pl\/en\/wp-json\/wp\/v2\/media?parent=411"}],"curies":[{"name":"wp","href":"https:\/\/api.w.org\/{rel}","templated":true}]}}