{"id":407,"date":"2023-03-23T11:03:01","date_gmt":"2023-03-23T10:03:01","guid":{"rendered":"http:\/\/linkekulicki.ewitryna.one\/?page_id=407"},"modified":"2025-02-04T19:46:05","modified_gmt":"2025-02-04T18:46:05","slug":"team","status":"publish","type":"page","link":"https:\/\/linke.pl\/en\/team\/","title":{"rendered":"Team"},"content":{"rendered":"","protected":false},"excerpt":{"rendered":"","protected":false},"author":8,"featured_media":0,"parent":0,"menu_order":42,"comment_status":"closed","ping_status":"closed","template":"templates\/zespol.php","meta":{"_acf_changed":false,"footnotes":""},"class_list":["post-407","page","type-page","status-publish","hentry"],"acf":[],"yoast_head":"<!-- This site is optimized with the Yoast SEO plugin v27.5 - https:\/\/yoast.com\/product\/yoast-seo-wordpress\/ -->\n<title>Meet Our Team - Linke And Partners Law Firm<\/title>\n<meta name=\"description\" content=\"Discover our experienced team of attorneys, advocates, and lawyers in Warsaw, Poland. Trust us to be your partner in navigating complex legal matters. Get Legal Support. Ask Your Legal Questions Now. View Team.\" \/>\n<meta name=\"robots\" content=\"index, follow, max-snippet:-1, max-image-preview:large, max-video-preview:-1\" \/>\n<link rel=\"canonical\" href=\"https:\/\/linke.pl\/en\/team\/\" \/>\n<meta property=\"og:locale\" content=\"en_US\" \/>\n<meta property=\"og:type\" content=\"article\" \/>\n<meta property=\"og:title\" content=\"Meet Our Team - Linke And Partners Law Firm\" \/>\n<meta property=\"og:description\" content=\"Discover our experienced team of attorneys, advocates, and lawyers in Warsaw, Poland. Trust us to be your partner in navigating complex legal matters. Get Legal Support. Ask Your Legal Questions Now. View Team.\" \/>\n<meta property=\"og:url\" content=\"https:\/\/linke.pl\/en\/team\/\" \/>\n<meta property=\"og:site_name\" content=\"Linke And Partners The Law Firm\" \/>\n<meta property=\"article:modified_time\" content=\"2025-02-04T18:46:05+00:00\" \/>\n<meta property=\"og:image\" content=\"https:\/\/linke.pl\/wp-content\/uploads\/2024\/10\/Linke-i-Partnerzy-logo.png\" \/>\n\t<meta property=\"og:image:width\" content=\"842\" \/>\n\t<meta property=\"og:image:height\" content=\"405\" \/>\n\t<meta property=\"og:image:type\" content=\"image\/png\" \/>\n<meta name=\"twitter:card\" content=\"summary_large_image\" \/>\n<script type=\"application\/ld+json\" class=\"yoast-schema-graph\">{\"@context\":\"https:\\\/\\\/schema.org\",\"@graph\":[{\"@type\":\"WebPage\",\"@id\":\"https:\\\/\\\/linke.pl\\\/en\\\/team\\\/\",\"url\":\"https:\\\/\\\/linke.pl\\\/en\\\/team\\\/\",\"name\":\"Meet Our Team - Linke And Partners Law Firm\",\"isPartOf\":{\"@id\":\"https:\\\/\\\/linke.pl\\\/en\\\/#website\"},\"datePublished\":\"2023-03-23T10:03:01+00:00\",\"dateModified\":\"2025-02-04T18:46:05+00:00\",\"description\":\"Discover our experienced team of attorneys, advocates, and lawyers in Warsaw, Poland. Trust us to be your partner in navigating complex legal matters. Get Legal Support. Ask Your Legal Questions Now. View Team.\",\"breadcrumb\":{\"@id\":\"https:\\\/\\\/linke.pl\\\/en\\\/team\\\/#breadcrumb\"},\"inLanguage\":\"en-US\",\"potentialAction\":[{\"@type\":\"ReadAction\",\"target\":[\"https:\\\/\\\/linke.pl\\\/en\\\/team\\\/\"]}]},{\"@type\":\"BreadcrumbList\",\"@id\":\"https:\\\/\\\/linke.pl\\\/en\\\/team\\\/#breadcrumb\",\"itemListElement\":[{\"@type\":\"ListItem\",\"position\":1,\"name\":\"Strona g\u0142\u00f3wna\",\"item\":\"https:\\\/\\\/linke.pl\\\/en\\\/\"},{\"@type\":\"ListItem\",\"position\":2,\"name\":\"Team\"}]},{\"@type\":\"WebSite\",\"@id\":\"https:\\\/\\\/linke.pl\\\/en\\\/#website\",\"url\":\"https:\\\/\\\/linke.pl\\\/en\\\/\",\"name\":\"Linke And Partners The Law Firm\",\"description\":\"Rozwi\u0105zania prawne dla nowoczesnego biznesu. Prawo sp\u00f3\u0142ek, obs\u0142uga inwestycji, prawo nowych technologii.\",\"publisher\":{\"@id\":\"https:\\\/\\\/linke.pl\\\/en\\\/#organization\"},\"potentialAction\":[{\"@type\":\"SearchAction\",\"target\":{\"@type\":\"EntryPoint\",\"urlTemplate\":\"https:\\\/\\\/linke.pl\\\/en\\\/?s={search_term_string}\"},\"query-input\":{\"@type\":\"PropertyValueSpecification\",\"valueRequired\":true,\"valueName\":\"search_term_string\"}}],\"inLanguage\":\"en-US\"},{\"@type\":\"Organization\",\"@id\":\"https:\\\/\\\/linke.pl\\\/en\\\/#organization\",\"name\":\"Kancelaria Radc\u00f3w Prawnych Linke i Partnerzy\",\"url\":\"https:\\\/\\\/linke.pl\\\/en\\\/\",\"logo\":{\"@type\":\"ImageObject\",\"inLanguage\":\"en-US\",\"@id\":\"https:\\\/\\\/linke.pl\\\/en\\\/#\\\/schema\\\/logo\\\/image\\\/\",\"url\":\"https:\\\/\\\/linke.pl\\\/wp-content\\\/uploads\\\/2024\\\/10\\\/Linke-i-Partnerzy-logo.png\",\"contentUrl\":\"https:\\\/\\\/linke.pl\\\/wp-content\\\/uploads\\\/2024\\\/10\\\/Linke-i-Partnerzy-logo.png\",\"width\":842,\"height\":405,\"caption\":\"Kancelaria Radc\u00f3w Prawnych Linke i Partnerzy\"},\"image\":{\"@id\":\"https:\\\/\\\/linke.pl\\\/en\\\/#\\\/schema\\\/logo\\\/image\\\/\"}}]}<\/script>\n<!-- \/ Yoast SEO plugin. -->","yoast_head_json":{"title":"Meet Our Team - Linke And Partners Law Firm","description":"Discover our experienced team of attorneys, advocates, and lawyers in Warsaw, Poland. Trust us to be your partner in navigating complex legal matters. Get Legal Support. Ask Your Legal Questions Now. View Team.","robots":{"index":"index","follow":"follow","max-snippet":"max-snippet:-1","max-image-preview":"max-image-preview:large","max-video-preview":"max-video-preview:-1"},"canonical":"https:\/\/linke.pl\/en\/team\/","og_locale":"en_US","og_type":"article","og_title":"Meet Our Team - Linke And Partners Law Firm","og_description":"Discover our experienced team of attorneys, advocates, and lawyers in Warsaw, Poland. Trust us to be your partner in navigating complex legal matters. Get Legal Support. Ask Your Legal Questions Now. View Team.","og_url":"https:\/\/linke.pl\/en\/team\/","og_site_name":"Linke And Partners The Law Firm","article_modified_time":"2025-02-04T18:46:05+00:00","og_image":[{"width":842,"height":405,"url":"https:\/\/linke.pl\/wp-content\/uploads\/2024\/10\/Linke-i-Partnerzy-logo.png","type":"image\/png"}],"twitter_card":"summary_large_image","schema":{"@context":"https:\/\/schema.org","@graph":[{"@type":"WebPage","@id":"https:\/\/linke.pl\/en\/team\/","url":"https:\/\/linke.pl\/en\/team\/","name":"Meet Our Team - Linke And Partners Law Firm","isPartOf":{"@id":"https:\/\/linke.pl\/en\/#website"},"datePublished":"2023-03-23T10:03:01+00:00","dateModified":"2025-02-04T18:46:05+00:00","description":"Discover our experienced team of attorneys, advocates, and lawyers in Warsaw, Poland. Trust us to be your partner in navigating complex legal matters. Get Legal Support. Ask Your Legal Questions Now. View Team.","breadcrumb":{"@id":"https:\/\/linke.pl\/en\/team\/#breadcrumb"},"inLanguage":"en-US","potentialAction":[{"@type":"ReadAction","target":["https:\/\/linke.pl\/en\/team\/"]}]},{"@type":"BreadcrumbList","@id":"https:\/\/linke.pl\/en\/team\/#breadcrumb","itemListElement":[{"@type":"ListItem","position":1,"name":"Strona g\u0142\u00f3wna","item":"https:\/\/linke.pl\/en\/"},{"@type":"ListItem","position":2,"name":"Team"}]},{"@type":"WebSite","@id":"https:\/\/linke.pl\/en\/#website","url":"https:\/\/linke.pl\/en\/","name":"Linke And Partners The Law Firm","description":"Rozwi\u0105zania prawne dla nowoczesnego biznesu. Prawo sp\u00f3\u0142ek, obs\u0142uga inwestycji, prawo nowych technologii.","publisher":{"@id":"https:\/\/linke.pl\/en\/#organization"},"potentialAction":[{"@type":"SearchAction","target":{"@type":"EntryPoint","urlTemplate":"https:\/\/linke.pl\/en\/?s={search_term_string}"},"query-input":{"@type":"PropertyValueSpecification","valueRequired":true,"valueName":"search_term_string"}}],"inLanguage":"en-US"},{"@type":"Organization","@id":"https:\/\/linke.pl\/en\/#organization","name":"Kancelaria Radc\u00f3w Prawnych Linke i Partnerzy","url":"https:\/\/linke.pl\/en\/","logo":{"@type":"ImageObject","inLanguage":"en-US","@id":"https:\/\/linke.pl\/en\/#\/schema\/logo\/image\/","url":"https:\/\/linke.pl\/wp-content\/uploads\/2024\/10\/Linke-i-Partnerzy-logo.png","contentUrl":"https:\/\/linke.pl\/wp-content\/uploads\/2024\/10\/Linke-i-Partnerzy-logo.png","width":842,"height":405,"caption":"Kancelaria Radc\u00f3w Prawnych Linke i Partnerzy"},"image":{"@id":"https:\/\/linke.pl\/en\/#\/schema\/logo\/image\/"}}]}},"_links":{"self":[{"href":"https:\/\/linke.pl\/en\/wp-json\/wp\/v2\/pages\/407","targetHints":{"allow":["GET"]}}],"collection":[{"href":"https:\/\/linke.pl\/en\/wp-json\/wp\/v2\/pages"}],"about":[{"href":"https:\/\/linke.pl\/en\/wp-json\/wp\/v2\/types\/page"}],"author":[{"embeddable":true,"href":"https:\/\/linke.pl\/en\/wp-json\/wp\/v2\/users\/8"}],"replies":[{"embeddable":true,"href":"https:\/\/linke.pl\/en\/wp-json\/wp\/v2\/comments?post=407"}],"version-history":[{"count":3,"href":"https:\/\/linke.pl\/en\/wp-json\/wp\/v2\/pages\/407\/revisions"}],"predecessor-version":[{"id":1203,"href":"https:\/\/linke.pl\/en\/wp-json\/wp\/v2\/pages\/407\/revisions\/1203"}],"wp:attachment":[{"href":"https:\/\/linke.pl\/en\/wp-json\/wp\/v2\/media?parent=407"}],"curies":[{"name":"wp","href":"https:\/\/api.w.org\/{rel}","templated":true}]}}