{"id":1811,"date":"2022-06-02T08:43:41","date_gmt":"2022-06-02T06:43:41","guid":{"rendered":"https:\/\/linke.pl\/?page_id=1811"},"modified":"2025-02-04T19:51:47","modified_gmt":"2025-02-04T18:51:47","slug":"general-partnership-in-poland","status":"publish","type":"page","link":"https:\/\/linke.pl\/en\/corporate-law-in-poland\/general-partnership-in-poland\/","title":{"rendered":"General partnership in Poland"},"content":{"rendered":"","protected":false},"excerpt":{"rendered":"","protected":false},"author":8,"featured_media":0,"parent":1799,"menu_order":2,"comment_status":"closed","ping_status":"closed","template":"","meta":{"_acf_changed":false,"footnotes":""},"class_list":["post-1811","page","type-page","status-publish","hentry"],"acf":[],"yoast_head":"<!-- This site is optimized with the Yoast SEO plugin v27.3 - https:\/\/yoast.com\/product\/yoast-seo-wordpress\/ -->\n<title>General partnership - Opening business in Poland<\/title>\n<meta name=\"description\" content=\"The Ultimate Guide for starting a general partnership in Poland. General Partnership registration with attorneys of our Law Firm. Get Legal Support. View Team.\" \/>\n<meta name=\"robots\" content=\"index, follow, max-snippet:-1, max-image-preview:large, max-video-preview:-1\" \/>\n<link rel=\"canonical\" href=\"https:\/\/linke.pl\/en\/corporate-law-in-poland\/general-partnership-in-poland\/\" \/>\n<meta property=\"og:locale\" content=\"en_US\" \/>\n<meta property=\"og:type\" content=\"article\" \/>\n<meta property=\"og:title\" content=\"General partnership - Opening business in Poland\" \/>\n<meta property=\"og:description\" content=\"The Ultimate Guide for starting a general partnership in Poland. General Partnership registration with attorneys of our Law Firm. Get Legal Support. View Team.\" \/>\n<meta property=\"og:url\" content=\"https:\/\/linke.pl\/en\/corporate-law-in-poland\/general-partnership-in-poland\/\" \/>\n<meta property=\"og:site_name\" content=\"Linke And Partners The Law Firm\" \/>\n<meta property=\"article:modified_time\" content=\"2025-02-04T18:51:47+00:00\" \/>\n<meta property=\"og:image\" content=\"https:\/\/linke.pl\/wp-content\/uploads\/2024\/10\/Linke-i-Partnerzy-logo.png\" \/>\n\t<meta property=\"og:image:width\" content=\"842\" \/>\n\t<meta property=\"og:image:height\" content=\"405\" \/>\n\t<meta property=\"og:image:type\" content=\"image\/png\" \/>\n<meta name=\"twitter:card\" content=\"summary_large_image\" \/>\n<script type=\"application\/ld+json\" class=\"yoast-schema-graph\">{\"@context\":\"https:\\\/\\\/schema.org\",\"@graph\":[{\"@type\":\"WebPage\",\"@id\":\"https:\\\/\\\/linke.pl\\\/en\\\/corporate-law-in-poland\\\/general-partnership-in-poland\\\/\",\"url\":\"https:\\\/\\\/linke.pl\\\/en\\\/corporate-law-in-poland\\\/general-partnership-in-poland\\\/\",\"name\":\"General partnership - Opening business in Poland\",\"isPartOf\":{\"@id\":\"https:\\\/\\\/linke.pl\\\/en\\\/#website\"},\"datePublished\":\"2022-06-02T06:43:41+00:00\",\"dateModified\":\"2025-02-04T18:51:47+00:00\",\"description\":\"The Ultimate Guide for starting a general partnership in Poland. General Partnership registration with attorneys of our Law Firm. Get Legal Support. View Team.\",\"breadcrumb\":{\"@id\":\"https:\\\/\\\/linke.pl\\\/en\\\/corporate-law-in-poland\\\/general-partnership-in-poland\\\/#breadcrumb\"},\"inLanguage\":\"en-US\",\"potentialAction\":[{\"@type\":\"ReadAction\",\"target\":[\"https:\\\/\\\/linke.pl\\\/en\\\/corporate-law-in-poland\\\/general-partnership-in-poland\\\/\"]}]},{\"@type\":\"BreadcrumbList\",\"@id\":\"https:\\\/\\\/linke.pl\\\/en\\\/corporate-law-in-poland\\\/general-partnership-in-poland\\\/#breadcrumb\",\"itemListElement\":[{\"@type\":\"ListItem\",\"position\":1,\"name\":\"Strona g\u0142\u00f3wna\",\"item\":\"https:\\\/\\\/linke.pl\\\/en\\\/\"},{\"@type\":\"ListItem\",\"position\":2,\"name\":\"Corporate Law in Poland\",\"item\":\"https:\\\/\\\/linke.pl\\\/en\\\/corporate-law-in-poland\\\/\"},{\"@type\":\"ListItem\",\"position\":3,\"name\":\"General partnership in Poland\"}]},{\"@type\":\"WebSite\",\"@id\":\"https:\\\/\\\/linke.pl\\\/en\\\/#website\",\"url\":\"https:\\\/\\\/linke.pl\\\/en\\\/\",\"name\":\"Linke And Partners The Law Firm\",\"description\":\"Rozwi\u0105zania prawne dla nowoczesnego biznesu. Prawo sp\u00f3\u0142ek, obs\u0142uga inwestycji, prawo nowych technologii.\",\"publisher\":{\"@id\":\"https:\\\/\\\/linke.pl\\\/en\\\/#organization\"},\"potentialAction\":[{\"@type\":\"SearchAction\",\"target\":{\"@type\":\"EntryPoint\",\"urlTemplate\":\"https:\\\/\\\/linke.pl\\\/en\\\/?s={search_term_string}\"},\"query-input\":{\"@type\":\"PropertyValueSpecification\",\"valueRequired\":true,\"valueName\":\"search_term_string\"}}],\"inLanguage\":\"en-US\"},{\"@type\":\"Organization\",\"@id\":\"https:\\\/\\\/linke.pl\\\/en\\\/#organization\",\"name\":\"Kancelaria Radc\u00f3w Prawnych Linke i Partnerzy\",\"url\":\"https:\\\/\\\/linke.pl\\\/en\\\/\",\"logo\":{\"@type\":\"ImageObject\",\"inLanguage\":\"en-US\",\"@id\":\"https:\\\/\\\/linke.pl\\\/en\\\/#\\\/schema\\\/logo\\\/image\\\/\",\"url\":\"https:\\\/\\\/linke.pl\\\/wp-content\\\/uploads\\\/2024\\\/10\\\/Linke-i-Partnerzy-logo.png\",\"contentUrl\":\"https:\\\/\\\/linke.pl\\\/wp-content\\\/uploads\\\/2024\\\/10\\\/Linke-i-Partnerzy-logo.png\",\"width\":842,\"height\":405,\"caption\":\"Kancelaria Radc\u00f3w Prawnych Linke i Partnerzy\"},\"image\":{\"@id\":\"https:\\\/\\\/linke.pl\\\/en\\\/#\\\/schema\\\/logo\\\/image\\\/\"}}]}<\/script>\n<!-- \/ Yoast SEO plugin. -->","yoast_head_json":{"title":"General partnership - Opening business in Poland","description":"The Ultimate Guide for starting a general partnership in Poland. General Partnership registration with attorneys of our Law Firm. Get Legal Support. View Team.","robots":{"index":"index","follow":"follow","max-snippet":"max-snippet:-1","max-image-preview":"max-image-preview:large","max-video-preview":"max-video-preview:-1"},"canonical":"https:\/\/linke.pl\/en\/corporate-law-in-poland\/general-partnership-in-poland\/","og_locale":"en_US","og_type":"article","og_title":"General partnership - Opening business in Poland","og_description":"The Ultimate Guide for starting a general partnership in Poland. General Partnership registration with attorneys of our Law Firm. Get Legal Support. View Team.","og_url":"https:\/\/linke.pl\/en\/corporate-law-in-poland\/general-partnership-in-poland\/","og_site_name":"Linke And Partners The Law Firm","article_modified_time":"2025-02-04T18:51:47+00:00","og_image":[{"width":842,"height":405,"url":"https:\/\/linke.pl\/wp-content\/uploads\/2024\/10\/Linke-i-Partnerzy-logo.png","type":"image\/png"}],"twitter_card":"summary_large_image","schema":{"@context":"https:\/\/schema.org","@graph":[{"@type":"WebPage","@id":"https:\/\/linke.pl\/en\/corporate-law-in-poland\/general-partnership-in-poland\/","url":"https:\/\/linke.pl\/en\/corporate-law-in-poland\/general-partnership-in-poland\/","name":"General partnership - Opening business in Poland","isPartOf":{"@id":"https:\/\/linke.pl\/en\/#website"},"datePublished":"2022-06-02T06:43:41+00:00","dateModified":"2025-02-04T18:51:47+00:00","description":"The Ultimate Guide for starting a general partnership in Poland. General Partnership registration with attorneys of our Law Firm. Get Legal Support. View Team.","breadcrumb":{"@id":"https:\/\/linke.pl\/en\/corporate-law-in-poland\/general-partnership-in-poland\/#breadcrumb"},"inLanguage":"en-US","potentialAction":[{"@type":"ReadAction","target":["https:\/\/linke.pl\/en\/corporate-law-in-poland\/general-partnership-in-poland\/"]}]},{"@type":"BreadcrumbList","@id":"https:\/\/linke.pl\/en\/corporate-law-in-poland\/general-partnership-in-poland\/#breadcrumb","itemListElement":[{"@type":"ListItem","position":1,"name":"Strona g\u0142\u00f3wna","item":"https:\/\/linke.pl\/en\/"},{"@type":"ListItem","position":2,"name":"Corporate Law in Poland","item":"https:\/\/linke.pl\/en\/corporate-law-in-poland\/"},{"@type":"ListItem","position":3,"name":"General partnership in Poland"}]},{"@type":"WebSite","@id":"https:\/\/linke.pl\/en\/#website","url":"https:\/\/linke.pl\/en\/","name":"Linke And Partners The Law Firm","description":"Rozwi\u0105zania prawne dla nowoczesnego biznesu. Prawo sp\u00f3\u0142ek, obs\u0142uga inwestycji, prawo nowych technologii.","publisher":{"@id":"https:\/\/linke.pl\/en\/#organization"},"potentialAction":[{"@type":"SearchAction","target":{"@type":"EntryPoint","urlTemplate":"https:\/\/linke.pl\/en\/?s={search_term_string}"},"query-input":{"@type":"PropertyValueSpecification","valueRequired":true,"valueName":"search_term_string"}}],"inLanguage":"en-US"},{"@type":"Organization","@id":"https:\/\/linke.pl\/en\/#organization","name":"Kancelaria Radc\u00f3w Prawnych Linke i Partnerzy","url":"https:\/\/linke.pl\/en\/","logo":{"@type":"ImageObject","inLanguage":"en-US","@id":"https:\/\/linke.pl\/en\/#\/schema\/logo\/image\/","url":"https:\/\/linke.pl\/wp-content\/uploads\/2024\/10\/Linke-i-Partnerzy-logo.png","contentUrl":"https:\/\/linke.pl\/wp-content\/uploads\/2024\/10\/Linke-i-Partnerzy-logo.png","width":842,"height":405,"caption":"Kancelaria Radc\u00f3w Prawnych Linke i Partnerzy"},"image":{"@id":"https:\/\/linke.pl\/en\/#\/schema\/logo\/image\/"}}]}},"_links":{"self":[{"href":"https:\/\/linke.pl\/en\/wp-json\/wp\/v2\/pages\/1811","targetHints":{"allow":["GET"]}}],"collection":[{"href":"https:\/\/linke.pl\/en\/wp-json\/wp\/v2\/pages"}],"about":[{"href":"https:\/\/linke.pl\/en\/wp-json\/wp\/v2\/types\/page"}],"author":[{"embeddable":true,"href":"https:\/\/linke.pl\/en\/wp-json\/wp\/v2\/users\/8"}],"replies":[{"embeddable":true,"href":"https:\/\/linke.pl\/en\/wp-json\/wp\/v2\/comments?post=1811"}],"version-history":[{"count":2,"href":"https:\/\/linke.pl\/en\/wp-json\/wp\/v2\/pages\/1811\/revisions"}],"predecessor-version":[{"id":1813,"href":"https:\/\/linke.pl\/en\/wp-json\/wp\/v2\/pages\/1811\/revisions\/1813"}],"up":[{"embeddable":true,"href":"https:\/\/linke.pl\/en\/wp-json\/wp\/v2\/pages\/1799"}],"wp:attachment":[{"href":"https:\/\/linke.pl\/en\/wp-json\/wp\/v2\/media?parent=1811"}],"curies":[{"name":"wp","href":"https:\/\/api.w.org\/{rel}","templated":true}]}}